{"id":87,"date":"2023-09-25T12:49:24","date_gmt":"2023-09-25T10:49:24","guid":{"rendered":"https:\/\/www.soyecoturismo.com\/asociacion\/?page_id=87"},"modified":"2025-03-24T13:32:44","modified_gmt":"2025-03-24T12:32:44","slug":"contacto","status":"publish","type":"page","link":"https:\/\/www.soyecoturista.com\/asociacion\/contacto\/","title":{"rendered":"Contacto"},"content":{"rendered":"<div>\n<p>Puedes contactar con nosotros a trav\u00e9s del formulario de esta p\u00e1gina, en nuestras redes sociales o en el tel\u00e9fono: <br \/><span style=\"text-align: center; font-size: 1.6rem; margin: 0px; padding: 0px;\"><strong>+34 613 000 850<\/strong><\/span><\/p>\n<p>Horario de atenci\u00f3n:\u00a0Lunes a viernes de 9h a 17h\u00a0<\/p>\n<\/div>\n<div>\n<p>    <iframe src=\"https:\/\/www.google.com\/maps\/embed?pb=!1m14!1m8!1m3!1d23651.902229314543!2d2.493279!3d42.182637!3m2!1i1024!2i768!4f13.1!3m3!1m2!1s0x12bacb9d2ee3e12d%3A0x1d73e79d072fce5f!2sASOCIACI%C3%93N%20DE%20ECOTURISMO%20EN%20ESPA%C3%91A!5e0!3m2!1ses!2ses!4v1695640576992!5m2!1ses!2ses\" width=\"100%\" height=\"450\" style=\"border:0;\" allowfullscreen=\"\" loading=\"lazy\" referrerpolicy=\"no-referrer-when-downgrade\"><\/iframe>\n<\/div>\n<div>\n<div class=\"wpforms-container wpforms-container-full wpforms-render-modern\" id=\"wpforms-84\"><form id=\"wpforms-form-84\" class=\"wpforms-validate wpforms-form wpforms-ajax-form\" data-formid=\"84\" method=\"post\" enctype=\"multipart\/form-data\" action=\"\/asociacion\/wp-json\/wp\/v2\/pages\/87\" data-token=\"d1408455809bd41623900df86c4e9fcc\" data-token-time=\"1776200557\"><noscript class=\"wpforms-error-noscript\">Por favor, activa JavaScript en tu navegador para completar este formulario.<\/noscript><div class=\"wpforms-hidden\" id=\"wpforms-error-noscript\">Por favor, activa JavaScript en tu navegador para completar este formulario.<\/div><div class=\"wpforms-field-container\"><div id=\"wpforms-84-field_0-container\" class=\"wpforms-field wpforms-field-name\" data-field-id=\"0\"><fieldset><legend class=\"wpforms-field-label\">Nombre <span class=\"wpforms-required-label\" aria-hidden=\"true\">*<\/span><\/legend><div class=\"wpforms-field-row wpforms-field-large\"><div class=\"wpforms-field-row-block wpforms-first wpforms-one-half\"><input type=\"text\" id=\"wpforms-84-field_0\" class=\"wpforms-field-name-first wpforms-field-required\" name=\"wpforms[fields][0][first]\" aria-errormessage=\"wpforms-84-field_0-error\" required><label for=\"wpforms-84-field_0\" class=\"wpforms-field-sublabel after\">Nombre<\/label><\/div><div class=\"wpforms-field-row-block wpforms-one-half\"><input type=\"text\" id=\"wpforms-84-field_0-last\" class=\"wpforms-field-name-last wpforms-field-required\" name=\"wpforms[fields][0][last]\" aria-errormessage=\"wpforms-84-field_0-last-error\" required><label for=\"wpforms-84-field_0-last\" class=\"wpforms-field-sublabel after\">Apellidos<\/label><\/div><\/div><\/fieldset><\/div><div id=\"wpforms-84-field_1-container\" class=\"wpforms-field wpforms-field-email\" data-field-id=\"1\"><label class=\"wpforms-field-label\" for=\"wpforms-84-field_1\">Correo electr\u00f3nico <span class=\"wpforms-required-label\" aria-hidden=\"true\">*<\/span><\/label><input type=\"email\" id=\"wpforms-84-field_1\" class=\"wpforms-field-large wpforms-field-required\" name=\"wpforms[fields][1]\" spellcheck=\"false\" aria-errormessage=\"wpforms-84-field_1-error\" required><\/div><div id=\"wpforms-84-field_2-container\" class=\"wpforms-field wpforms-field-textarea\" data-field-id=\"2\"><label class=\"wpforms-field-label\" for=\"wpforms-84-field_2\">Comentario o mensaje<\/label><textarea id=\"wpforms-84-field_2\" class=\"wpforms-field-medium\" name=\"wpforms[fields][2]\" aria-errormessage=\"wpforms-84-field_2-error\" ><\/textarea><\/div><div id=\"wpforms-84-field_3-container\" class=\"wpforms-field wpforms-field-checkbox\" data-field-id=\"3\"><fieldset><legend class=\"wpforms-field-label\">Informaci\u00f3n sobre el tratamiento de sus datos <span class=\"wpforms-required-label\" aria-hidden=\"true\">*<\/span><\/legend><ul id=\"wpforms-84-field_3\" class=\"wpforms-field-required\"><li class=\"choice-1 depth-1\"><input type=\"checkbox\" id=\"wpforms-84-field_3_1\" name=\"wpforms[fields][3][]\" value=\"Acepto y entiendo la informaci\u00f3n sobre el tratamiento de mis datos.\" aria-errormessage=\"wpforms-84-field_3_1-error\" aria-describedby=\"wpforms-84-field_3-description\" required ><label class=\"wpforms-field-label-inline\" for=\"wpforms-84-field_3_1\">Acepto y entiendo la informaci\u00f3n sobre el tratamiento de mis datos.<\/label><\/li><\/ul><div id=\"wpforms-84-field_3-description\" class=\"wpforms-field-description\">El responsable de los datos es la Asociaci\u00f3n de Ecoturismo en Espa\u00f1a. La finalidad de esta recogida es el tratamiento de sus datos, para gestionar consultas, peticiones o sugerencias planteadas y remisi\u00f3n de informaci\u00f3n de acuerdos con el REGLAMENTO (UE) 2016\/679. Art\u00edculo 6.1.a). No se ceder\u00e1n datos a terceros salvo obligaci\u00f3n legal o al encargado de tratamiento. Puede en todo momento retirarnos el consentimiento, as\u00ed como ejercer los derechos de acceso, rectificaci\u00f3n, supresi\u00f3n, oposici\u00f3n, portabilidad y limitaci\u00f3n. Puede consultar nuestra pol\u00edtica de privacidad.<\/div><\/fieldset><\/div><\/div><!-- .wpforms-field-container --><div class=\"wpforms-recaptcha-container wpforms-is-recaptcha wpforms-is-recaptcha-type-v3\" ><input type=\"hidden\" name=\"wpforms[recaptcha]\" value=\"\"><\/div><div class=\"wpforms-submit-container\" ><input type=\"hidden\" name=\"wpforms[id]\" value=\"84\"><input type=\"hidden\" name=\"page_title\" value=\"\"><input type=\"hidden\" name=\"page_url\" value=\"https:\/\/www.soyecoturista.com\/asociacion\/wp-json\/wp\/v2\/pages\/87\"><input type=\"hidden\" name=\"url_referer\" value=\"\"><button type=\"submit\" name=\"wpforms[submit]\" id=\"wpforms-submit-84\" class=\"wpforms-submit\" data-alt-text=\"Enviando...\" data-submit-text=\"Enviar\" aria-live=\"assertive\" value=\"wpforms-submit\">Enviar<\/button><img loading=\"lazy\" decoding=\"async\" src=\"https:\/\/www.soyecoturista.com\/asociacion\/wp-content\/plugins\/wpforms-lite\/assets\/images\/submit-spin.svg\" class=\"wpforms-submit-spinner\" style=\"display: none;\" width=\"26\" height=\"26\" alt=\"Cargando\"><\/div><\/form><\/div>  <!-- .wpforms-container --><\/div>\n<p><!--more--><br \/>\n<!-- {\"type\":\"layout\",\"children\":[{\"type\":\"section\",\"props\":{\"css\":\".wpforms-submit{\\n   margin: 0;\\n    border: none;\\n    overflow: visible;\\n    font: inherit;\\n    color: inherit;\\n    text-transform: none;\\n    -webkit-appearance: none;\\n    border-radius: 0;\\n    display: inline-block;\\n    box-sizing: border-box;\\n    padding: 0 30px;\\n    vertical-align: middle;\\n    font-size: 20px;\\n    line-height: 42px;\\n    text-align: center;\\n    text-decoration: none;\\n    transition: .2s ease-in-out;\\n    transition-property: color,background-color,background-position,background-size,border-color,box-shadow;\\n    font-family: 'Barlow Condensed';\\n    font-weight: 500;\\n    border-radius: 500px;\\n    background-origin: border-box;\\n    background-color: transparent;\\n    border: 1px solid #9ebc30;\\n}\\n\\n\\n.wpforms-submit:hover, .wpforms-submit:active{\\n background-color: #9ebc30;\\n    border: 1px solid #9ebc30;\\n    color: #fff;\\n}\\n\\n\\n\\n\\n\\n\\n\\n\\n\",\"image_position\":\"center-center\",\"style\":\"default\",\"title_breakpoint\":\"xl\",\"title_position\":\"top-left\",\"title_rotation\":\"left\",\"vertical_align\":\"middle\",\"width\":\"default\"},\"children\":[{\"type\":\"row\",\"props\":{\"layout\":\"1-2,1-2\"},\"children\":[{\"type\":\"column\",\"props\":{\"image_position\":\"center-center\",\"position_sticky_breakpoint\":\"m\",\"width_medium\":\"1-2\"},\"children\":[{\"type\":\"headline\",\"props\":{\"title_element\":\"h1\"},\"source\":{\"query\":{\"name\":\"pages.singlePage\"},\"props\":{\"content\":{\"filters\":{\"search\":\"\"},\"name\":\"title\"}}}},{\"type\":\"text\",\"props\":{\"column_breakpoint\":\"m\",\"content\":\"\n\n<p>Puedes contactar con nosotros a trav\\u00e9s del formulario de esta p\\u00e1gina, en nuestras redes sociales o en el tel\\u00e9fono: <br \\\/><span style=\\\"text-align: center; font-size: 1.6rem; margin: 0px; padding: 0px;\\\"><strong>+34 613 000 850<\\\/strong><\\\/span><\\\/p>\\n\n\n<p>Horario de atenci\\u00f3n:\\u00a0Lunes a viernes de 9h a 17h\\u00a0<\\\/p>\",\"margin\":\"default\"}},{\"type\":\"html\",\"props\":{\"content\":\"<iframe src=\\\"https:\\\/\\\/www.google.com\\\/maps\\\/embed?pb=!1m14!1m8!1m3!1d23651.902229314543!2d2.493279!3d42.182637!3m2!1i1024!2i768!4f13.1!3m3!1m2!1s0x12bacb9d2ee3e12d%3A0x1d73e79d072fce5f!2sASOCIACI%C3%93N%20DE%20ECOTURISMO%20EN%20ESPA%C3%91A!5e0!3m2!1ses!2ses!4v1695640576992!5m2!1ses!2ses\\\" width=\\\"100%\\\" height=\\\"450\\\" style=\\\"border:0;\\\" allowfullscreen=\\\"\\\" loading=\\\"lazy\\\" referrerpolicy=\\\"no-referrer-when-downgrade\\\"><\\\/iframe>\"}}]},{\"type\":\"column\",\"props\":{\"image_position\":\"center-center\",\"position_sticky_breakpoint\":\"m\",\"width_medium\":\"1-2\"},\"children\":[{\"type\":\"html\",\"props\":{\"content\":\"[wpforms id=\\\"84\\\"]\"}}]}]}]}],\"version\":\"4.0.13\",\"yooessentialsVersion\":\"2.0.17\"} --><\/p>\n","protected":false},"excerpt":{"rendered":"<p>Puedes contactar con nosotros a trav\u00e9s del formulario de esta p\u00e1gina, en nuestras redes sociales o en el tel\u00e9fono: +34 613 000 850 Horario de atenci\u00f3n:\u00a0Lunes a viernes de 9h [&hellip;]<\/p>\n","protected":false},"author":2,"featured_media":27,"parent":0,"menu_order":0,"comment_status":"closed","ping_status":"closed","template":"","meta":{"_acf_changed":false,"footnotes":""},"class_list":["post-87","page","type-page","status-publish","has-post-thumbnail","hentry"],"acf":[],"_links":{"self":[{"href":"https:\/\/www.soyecoturista.com\/asociacion\/wp-json\/wp\/v2\/pages\/87","targetHints":{"allow":["GET"]}}],"collection":[{"href":"https:\/\/www.soyecoturista.com\/asociacion\/wp-json\/wp\/v2\/pages"}],"about":[{"href":"https:\/\/www.soyecoturista.com\/asociacion\/wp-json\/wp\/v2\/types\/page"}],"author":[{"embeddable":true,"href":"https:\/\/www.soyecoturista.com\/asociacion\/wp-json\/wp\/v2\/users\/2"}],"replies":[{"embeddable":true,"href":"https:\/\/www.soyecoturista.com\/asociacion\/wp-json\/wp\/v2\/comments?post=87"}],"version-history":[{"count":11,"href":"https:\/\/www.soyecoturista.com\/asociacion\/wp-json\/wp\/v2\/pages\/87\/revisions"}],"predecessor-version":[{"id":46723,"href":"https:\/\/www.soyecoturista.com\/asociacion\/wp-json\/wp\/v2\/pages\/87\/revisions\/46723"}],"wp:featuredmedia":[{"embeddable":true,"href":"https:\/\/www.soyecoturista.com\/asociacion\/wp-json\/wp\/v2\/media\/27"}],"wp:attachment":[{"href":"https:\/\/www.soyecoturista.com\/asociacion\/wp-json\/wp\/v2\/media?parent=87"}],"curies":[{"name":"wp","href":"https:\/\/api.w.org\/{rel}","templated":true}]}}