{"id":47946,"date":"2025-09-15T13:42:46","date_gmt":"2025-09-15T11:42:46","guid":{"rendered":"https:\/\/www.soyecoturista.com\/asociacion\/?page_id=47946"},"modified":"2025-11-18T12:59:22","modified_gmt":"2025-11-18T11:59:22","slug":"buenas-practicas-destinos","status":"publish","type":"page","link":"https:\/\/www.soyecoturista.com\/asociacion\/buenas-practicas-destinos\/","title":{"rendered":"Buenas pr\u00e1cticas &#8211; Destinos"},"content":{"rendered":"<div>\n<p>Aqu\u00ed descubrir\u00e1s c\u00f3mo los destinos adheridos a SoyEcoturista est\u00e1n impulsando un ecoturismo responsable y con visi\u00f3n de futuro. Son territorios que han hecho de la sostenibilidad su hoja de ruta, integrando la conservaci\u00f3n de la naturaleza, la participaci\u00f3n local y la autenticidad cultural en cada paso que dan.<\/p>\n<p>A trav\u00e9s de estas buenas pr\u00e1cticas podr\u00e1s conocer iniciativas colectivas que fortalecen la identidad de los espacios protegidos, generan oportunidades para las comunidades y mejoran la experiencia de quienes los visitan.<\/p>\n<p>Desc\u00fabrelas, insp\u00edrate y conecta con una red de destinos que avanzan juntos hacia un futuro m\u00e1s sostenible, aut\u00e9ntico y lleno de vida.<\/p>\n<\/div>\n<div>\n<\/div>\n<p><!--more--><br \/>\n<!-- {\"type\":\"layout\",\"children\":[{\"type\":\"section\",\"props\":{\"image_position\":\"center-center\",\"image_size\":\"cover\",\"style\":\"primary\",\"title_breakpoint\":\"xl\",\"title_position\":\"top-left\",\"title_rotation\":\"left\",\"vertical_align\":\"middle\",\"width\":\"default\"},\"children\":[{\"type\":\"row\",\"children\":[{\"type\":\"column\",\"props\":{\"image_position\":\"center-center\",\"position_sticky_breakpoint\":\"m\"},\"children\":[{\"type\":\"headline\",\"props\":{\"css\":\".el-element{background-color: #9ebc30;float:left;padding: 5px;}\",\"title_element\":\"h1\"},\"source\":{\"query\":{\"name\":\"pages.singlePage\"},\"props\":{\"content\":{\"filters\":{\"search\":\"\"},\"name\":\"title\"}}}}]}]}],\"source\":{\"query\":{\"name\":\"pages.singlePage\"},\"props\":{\"image\":{\"filters\":{\"search\":\"\"},\"name\":\"featuredImage.url\"}}}},{\"type\":\"section\",\"props\":{\"image_position\":\"center-center\",\"padding_remove_bottom\":true,\"style\":\"default\",\"title_breakpoint\":\"xl\",\"title_position\":\"top-left\",\"title_rotation\":\"left\",\"vertical_align\":\"middle\",\"width\":\"default\"},\"children\":[{\"type\":\"row\",\"children\":[{\"type\":\"column\",\"props\":{\"image_position\":\"center-center\",\"position_sticky_breakpoint\":\"m\"},\"children\":[{\"type\":\"text\",\"props\":{\"column_breakpoint\":\"m\",\"content\":\"\n\n<p>Aqu\\u00ed descubrir\\u00e1s c\\u00f3mo los destinos adheridos a SoyEcoturista est\\u00e1n impulsando un ecoturismo responsable y con visi\\u00f3n de futuro. Son territorios que han hecho de la sostenibilidad su hoja de ruta, integrando la conservaci\\u00f3n de la naturaleza, la participaci\\u00f3n local y la autenticidad cultural en cada paso que dan.<\\\/p>\\n\n\n<p>A trav\\u00e9s de estas buenas pr\\u00e1cticas podr\\u00e1s conocer iniciativas colectivas que fortalecen la identidad de los espacios protegidos, generan oportunidades para las comunidades y mejoran la experiencia de quienes los visitan.<\\\/p>\\n\n\n<p>Desc\\u00fabrelas, insp\\u00edrate y conecta con una red de destinos que avanzan juntos hacia un futuro m\\u00e1s sostenible, aut\\u00e9ntico y lleno de vida.<\\\/p>\",\"margin\":\"default\"}}]}]}]},{\"type\":\"section\",\"props\":{\"image_position\":\"center-center\",\"style\":\"default\",\"title_breakpoint\":\"xl\",\"title_position\":\"top-left\",\"title_rotation\":\"left\",\"vertical_align\":\"middle\",\"width\":\"default\"},\"children\":[{\"type\":\"row\",\"children\":[{\"type\":\"column\",\"props\":{\"image_position\":\"center-center\",\"position_sticky_breakpoint\":\"m\"},\"children\":[{\"type\":\"grid\",\"props\":{\"content_column_breakpoint\":\"m\",\"filter\":true,\"filter_align\":\"left\",\"filter_all\":false,\"filter_all_label\":\"Todas\",\"filter_animation\":\"delayed-fade\",\"filter_grid_breakpoint\":\"m\",\"filter_grid_width\":\"auto\",\"filter_margin\":\"large\",\"filter_position\":\"top\",\"filter_style\":\"subnav-pill\",\"grid_column_gap\":\"small\",\"grid_default\":\"1\",\"grid_divider\":false,\"grid_masonry\":false,\"grid_medium\":\"4\",\"icon_width\":80,\"image_align\":\"top\",\"image_grid_breakpoint\":\"m\",\"image_grid_width\":\"1-2\",\"image_height\":\"400\",\"image_svg_color\":\"emphasis\",\"image_width\":\"800\",\"item_animation\":true,\"link_style\":\"default\",\"link_text\":\"Ver buena pru00e1ctica\",\"margin\":\"default\",\"meta_align\":\"below-title\",\"meta_element\":\"div\",\"meta_margin\":\"remove\",\"meta_style\":\"text-meta\",\"panel_image_no_padding\":true,\"panel_link\":true,\"panel_padding\":\"small\",\"panel_style\":\"card-default\",\"show_content\":true,\"show_image\":true,\"show_link\":true,\"show_meta\":false,\"show_title\":true,\"title_align\":\"top\",\"title_element\":\"h3\",\"title_grid_breakpoint\":\"m\",\"title_grid_width\":\"1-2\",\"title_hover_style\":\"reset\",\"title_style\":\"h5\"},\"children\":[{\"type\":\"grid_item\",\"source\":{\"query\":{\"name\":\"posts.customPosts\",\"arguments\":{\"terms\":[1377],\"category_operator\":\"IN\",\"post_tag_operator\":\"IN\",\"users\":[],\"users_operator\":\"IN\",\"offset\":0,\"limit\":20,\"order\":\"date\",\"order_direction\":\"DESC\"}},\"props\":{\"title\":{\"filters\":{\"search\":\"\"},\"name\":\"title\"},\"image\":{\"filters\":{\"search\":\"\"},\"name\":\"featuredImage.url\"},\"image_alt\":{\"filters\":{\"search\":\"\"},\"name\":\"featuredImage.alt\"},\"meta\":{\"filters\":{\"search\":\"\"},\"arguments\":{\"separator\":\"\",\"show_link\":false,\"link_style\":\"\"},\"name\":\"categoryString\"},\"tags\":{\"filters\":{\"search\":\"\"},\"arguments\":{\"separator\":\", \",\"show_link\":true,\"link_style\":\"\"},\"name\":\"categoryString\"},\"content\":{\"filters\":{\"search\":\"\"},\"name\":\"field.descripcion_para_el_listado\"},\"link\":{\"filters\":{\"search\":\"\"},\"name\":\"link\"}}},\"props\":{\"link_text\":\"Ver buena pr\\u00e1ctica\"}}],\"source\":{\"query\":{\"name\":\"posts.customPosts\",\"arguments\":{\"terms\":[3],\"category_operator\":\"IN\",\"post_tag_operator\":\"IN\",\"users\":[],\"users_operator\":\"IN\",\"offset\":0,\"limit\":10,\"order\":\"date\",\"order_direction\":\"DESC\"}}}}]}]}]},{\"type\":\"section\",\"props\":{\"image_position\":\"center-center\",\"style\":\"default\",\"title_breakpoint\":\"xl\",\"title_position\":\"top-left\",\"title_rotation\":\"left\",\"vertical_align\":\"middle\",\"width\":\"default\"},\"children\":[{\"type\":\"row\",\"children\":[{\"type\":\"column\",\"props\":{\"image_position\":\"center-center\",\"position_sticky_breakpoint\":\"m\"}}]}]}],\"version\":\"4.0.13\",\"yooessentialsVersion\":\"2.0.17\"} --><\/p>\n","protected":false},"excerpt":{"rendered":"<p>Aqu\u00ed descubrir\u00e1s c\u00f3mo los destinos adheridos a SoyEcoturista est\u00e1n impulsando un ecoturismo responsable y con visi\u00f3n de futuro. Son territorios que han hecho de la sostenibilidad su hoja de ruta, [&hellip;]<\/p>\n","protected":false},"author":11,"featured_media":49023,"parent":0,"menu_order":0,"comment_status":"closed","ping_status":"closed","template":"","meta":{"_acf_changed":false,"footnotes":""},"class_list":["post-47946","page","type-page","status-publish","has-post-thumbnail","hentry"],"acf":[],"_links":{"self":[{"href":"https:\/\/www.soyecoturista.com\/asociacion\/wp-json\/wp\/v2\/pages\/47946","targetHints":{"allow":["GET"]}}],"collection":[{"href":"https:\/\/www.soyecoturista.com\/asociacion\/wp-json\/wp\/v2\/pages"}],"about":[{"href":"https:\/\/www.soyecoturista.com\/asociacion\/wp-json\/wp\/v2\/types\/page"}],"author":[{"embeddable":true,"href":"https:\/\/www.soyecoturista.com\/asociacion\/wp-json\/wp\/v2\/users\/11"}],"replies":[{"embeddable":true,"href":"https:\/\/www.soyecoturista.com\/asociacion\/wp-json\/wp\/v2\/comments?post=47946"}],"version-history":[{"count":8,"href":"https:\/\/www.soyecoturista.com\/asociacion\/wp-json\/wp\/v2\/pages\/47946\/revisions"}],"predecessor-version":[{"id":48190,"href":"https:\/\/www.soyecoturista.com\/asociacion\/wp-json\/wp\/v2\/pages\/47946\/revisions\/48190"}],"wp:featuredmedia":[{"embeddable":true,"href":"https:\/\/www.soyecoturista.com\/asociacion\/wp-json\/wp\/v2\/media\/49023"}],"wp:attachment":[{"href":"https:\/\/www.soyecoturista.com\/asociacion\/wp-json\/wp\/v2\/media?parent=47946"}],"curies":[{"name":"wp","href":"https:\/\/api.w.org\/{rel}","templated":true}]}}