{"id":42339,"date":"2023-12-01T11:30:03","date_gmt":"2023-12-01T10:30:03","guid":{"rendered":"https:\/\/www.soyecoturismo.com\/asociacion\/?page_id=42339"},"modified":"2024-02-22T20:38:41","modified_gmt":"2024-02-22T19:38:41","slug":"ecoturismo-en-espana","status":"publish","type":"page","link":"https:\/\/www.soyecoturista.com\/asociacion\/ecoturismo-en-espana\/","title":{"rendered":"Ecoturismo en Espa\u00f1a"},"content":{"rendered":"\n<p class=\"has-medium-font-size\" style=\"font-style:normal;font-weight:800\"><strong>\u00bfQu\u00e9 es el ecoturismo?<\/strong><\/p>\n\n\n\n<p>El ecoturismo es \u201cel viaje a un \u00e1rea natural para conocerla, interpretarla, disfrutarla y recorrerla, al tiempo que se aprecia y se contribuye de forma pr\u00e1ctica a su conservaci\u00f3n, sin generar impactos sobre el medio y repercutiendo positivamente en la poblaci\u00f3n local\u201d. (Declaraci\u00f3n de Ecoturismo de Daimiel, 2016).<\/p>\n\n\n\n<p>El ecoturismo se basa en los recursos naturales m\u00e1s valiosos de los espacios naturales en los que se desarrolla. Por ello, el ecoturismo debe:<br>\u2022 Minimizar los impactos, ambientales y sociales.<br>\u2022 Aumentar la conciencia y el respeto por el ambiente y la cultura.<br>\u2022 Ofrecer experiencias positivas tanto para los visitantes como para los anfitriones.<br>\u2022 Ofrecer beneficios financieros directos para la conservaci\u00f3n.<br>\u2022 Proveer beneficios financieros y participaci\u00f3n real para la poblaci\u00f3n local.<br>\u2022 Aumentar la sensibilidad de los turistas hacia el destino anfitri\u00f3n en su clima pol\u00edtico, cultural y social.<\/p>\n\n\n\n<p class=\"has-medium-font-size\" style=\"font-style:normal;font-weight:800\"><strong>El producto Ecoturismo en Espa\u00f1a<\/strong><\/p>\n\n\n\n<p>El producto tur\u00edstico Ecoturismo en Espa\u00f1a \u201ces el viaje responsable que muestra lo mejor de la naturaleza espa\u00f1ola, disfrutando de experiencias configuradas por empresas comprometidas con su conservaci\u00f3n\u201d.<\/p>\n\n\n\n<p>Fue puesto en marcha por la Secretar\u00eda de Estado de Turismo aplicando el m\u00e9todo club de producto y agrupa experiencias de ecoturismo ofrecidas, generalmente, por micro empresas ubicadas en el entorno de espacios protegidos que cumplen requisitos de contribuci\u00f3n a la conservaci\u00f3n y al desarrollo local. Todas ellas han de ser coherentes con la definici\u00f3n de Ecoturismo, tanto en la gesti\u00f3n de su empresa como en los servicios que ofrecen.<\/p>\n\n\n\n<p>El producto Ecoturismo en Espa\u00f1a y su marca Soy Ecoturista est\u00e1n gestionados por la <a href=\"https:\/\/www.soyecoturista.com\/asociacion\/quienes-somos\/\">Asociaci\u00f3n de Ecoturismo en Espa\u00f1a.<\/a><\/p>\n\n\n\n<p class=\"has-medium-font-size\"><strong>Las experiencias de Ecoturismo en Espa\u00f1a<\/strong><\/p>\n\n\n\n<p>Son experiencias para conocer, disfrutar, observar, recorrer, interpretar y aprender sobre la naturaleza, la cultura y la poblaci\u00f3n local de espacios naturales, contribuyendo de forma pr\u00e1ctica a su conservaci\u00f3n y desarrollo sostenible. Son vivencias \u00fanicas y memorables que se realizan en espacios protegidos y sus entornos.<\/p>\n\n\n\n<p>Un componente esencial de las experiencias de ecoturismo es la <strong>interpretaci\u00f3n<\/strong>. En gran medida esta interpretaci\u00f3n se realiza sobre los elementos naturales del territorio, aunque tambi\u00e9n sobre su evoluci\u00f3n, historia geol\u00f3gica, relaci\u00f3n humana con su entorno natural, etnograf\u00eda, conservaci\u00f3n, etc., siendo revelada por la persona que gu\u00eda al grupo.<\/p>\n\n\n\n<p class=\"has-medium-font-size\"><strong>Soy Ecoturista<\/strong><\/p>\n\n\n\n<p>Soy Ecoturista es la marca que une a viajeros, destinos y empresas que se comprometen con la conservaci\u00f3n de la naturaleza y el desarrollo local.<\/p>\n\n\n\n<p>En el portal www.soyecoturista.com ofrece encontrar\u00e1s \u00e1reas protegidas, opciones de alojamiento y diversas propuestas para descubrir la naturaleza y la forma de vida de sus habitantes. Experiencias de aut\u00e9ntico ecoturismo que promueven la preservaci\u00f3n de los entornos d\u00f3nde se disfrutan.<\/p>\n\n\n\n<p class=\"has-medium-font-size\"><strong>\u00bfQuieres disfrutar del Ecoturismo en Espa\u00f1a?<\/strong><\/p>\n\n\n\n<div class=\"wp-block-buttons is-layout-flex wp-block-buttons-is-layout-flex\">\n<div class=\"wp-block-button\"><a class=\"wp-block-button__link has-black-color has-luminous-vivid-amber-background-color has-text-color has-background has-link-color wp-element-button\" href=\"https:\/\/soyecoturista.com\/es\/\"><strong>Destinos y experiencias de Ecoturismo en Espa\u00f1a<\/strong><\/a><\/div>\n<\/div>\n","protected":false},"excerpt":{"rendered":"<p>\u00bfQu\u00e9 es el ecoturismo? El ecoturismo es \u201cel viaje a un \u00e1rea natural para conocerla, interpretarla, disfrutarla y recorrerla, al tiempo que se aprecia y se contribuye de forma pr\u00e1ctica [&hellip;]<\/p>\n","protected":false},"author":2,"featured_media":0,"parent":0,"menu_order":0,"comment_status":"closed","ping_status":"closed","template":"","meta":{"_acf_changed":false,"footnotes":""},"class_list":["post-42339","page","type-page","status-publish","hentry"],"acf":[],"_links":{"self":[{"href":"https:\/\/www.soyecoturista.com\/asociacion\/wp-json\/wp\/v2\/pages\/42339","targetHints":{"allow":["GET"]}}],"collection":[{"href":"https:\/\/www.soyecoturista.com\/asociacion\/wp-json\/wp\/v2\/pages"}],"about":[{"href":"https:\/\/www.soyecoturista.com\/asociacion\/wp-json\/wp\/v2\/types\/page"}],"author":[{"embeddable":true,"href":"https:\/\/www.soyecoturista.com\/asociacion\/wp-json\/wp\/v2\/users\/2"}],"replies":[{"embeddable":true,"href":"https:\/\/www.soyecoturista.com\/asociacion\/wp-json\/wp\/v2\/comments?post=42339"}],"version-history":[{"count":2,"href":"https:\/\/www.soyecoturista.com\/asociacion\/wp-json\/wp\/v2\/pages\/42339\/revisions"}],"predecessor-version":[{"id":43428,"href":"https:\/\/www.soyecoturista.com\/asociacion\/wp-json\/wp\/v2\/pages\/42339\/revisions\/43428"}],"wp:attachment":[{"href":"https:\/\/www.soyecoturista.com\/asociacion\/wp-json\/wp\/v2\/media?parent=42339"}],"curies":[{"name":"wp","href":"https:\/\/api.w.org\/{rel}","templated":true}]}}