{"id":42078,"date":"2023-11-15T16:15:42","date_gmt":"2023-11-15T15:15:42","guid":{"rendered":"https:\/\/www.soyecoturismo.com\/asociacion\/?page_id=42078"},"modified":"2024-02-28T17:45:59","modified_gmt":"2024-02-28T16:45:59","slug":"experiencias","status":"publish","type":"page","link":"https:\/\/www.soyecoturista.com\/asociacion\/experiencias\/","title":{"rendered":"Experiencias de ecoturismo"},"content":{"rendered":"<div>\n<p>Desde Soy Ecoturista ofrecemos experiencias para conocer, disfrutar, observar, recorrer, interpretar y aprender sobre la naturaleza, la cultura y la poblaci\u00f3n local de espacios naturales, contribuyendo de forma pr\u00e1ctica a su conservaci\u00f3n y desarrollo local. Son vivencias \u00fanicas y memorables que se realizan en espacios protegidos y sus entornos, y que son ofrecidas por empresas locales comprometidas con la sostenibilidad.<\/p>\n<\/p>\n<h4>\u00a1Entra y elige tu experiencia! <\/h4>\n<\/div>\n<p>\n    <a href=\"https:\/\/soyecoturista.com\/es\/actividades-ecoturismo\">Experiencias de aut\u00e9ntico ecoturismo<\/a>\n<\/p>\n<div>\n<p>Encontrar\u00e1s una gran variedad de experiencias de ecoturismo para todos los p\u00fablicos y para todos los gustos:<\/p>\n<ul>\n<li>Observaci\u00f3n de flora y fauna.<\/li>\n<li>Observaci\u00f3n de estrellas.<\/li>\n<li>Geoturismo.<\/li>\n<li>Observaci\u00f3n de aves.<\/li>\n<li>Fotograf\u00eda de naturaleza.<\/li>\n<li>Visitas guiadas y actividades tur\u00edsticas para descubrir el patrimonio natural y cultural del espacio protegido y de su entorno (con un componente importante de interpretaci\u00f3n).<\/li>\n<li>Actividades de senderismo, rutas en bicicleta, canoa, barco, 4&#215;4, globo, etc. para recorrer y explorar los espacios protegidos (siempre respetando la regulaci\u00f3n ambiental, minimizando impactos y con un componente importante de interpretaci\u00f3n del patrimonio).<\/li>\n<li>Experiencias de ecoturismo cultural ligadas al espacio protegido.<\/li>\n<li>Visitas guiadas para disfrutar y descubrir productos locales y\/o artesanales, gastronom\u00eda local en restaurantes, explotaciones agroalimentarias, bodegas, tiendas especializadas, etc., siempre conectadas con el espacio protegido y la naturaleza que les rodea.<\/li>\n<li>Actividades, cursos y talleres de educaci\u00f3n ambiental sobre los valores naturales y culturales del territorio.<\/li>\n<li>Ecoturismo y bienestar: estancias en fincas para relajarse, coaching en la naturaleza, ba\u00f1os de bosque, etc.<\/li>\n<li>Ecoturismo cient\u00edfico: viajes de investigadores, programas de estudiantes universitarios, viajes para conocer proyectos de investigaci\u00f3n y conservaci\u00f3n, etc.<\/li>\n<li>Ecoturismo solidario: jornadas de responsabilidad social para empresas, viajes y campos de voluntariado, etc.<\/li>\n<li>Estancias en alojamientos comprometidos con la conservaci\u00f3n y el desarrollo local, que ofrece productos locales, informa del espacio protegido y c\u00f3mo recorrerlo y descubrirlo de forma respetuosa, y mantiene una conexi\u00f3n positiva con su entorno natural y social.<\/li>\n<\/ul>\n<\/div>\n<ul>\n<li>\n<p>        <img decoding=\"async\" src=\"\/asociacion\/wp-content\/uploads\/2024\/02\/JRP_2116-3-scaled.jpg\" alt=\"\"><\/p>\n<\/li>\n<li>\n<p>        <img decoding=\"async\" src=\"\/asociacion\/wp-content\/uploads\/2024\/02\/JRP_1650-scaled.jpg\" alt=\"\"><\/p>\n<\/li>\n<li>\n<p>        <img decoding=\"async\" src=\"\/asociacion\/wp-content\/uploads\/2024\/02\/JRP_1256-scaled.jpg\" alt=\"\"><\/p>\n<\/li>\n<li>\n<p>        <img decoding=\"async\" src=\"\/asociacion\/wp-content\/uploads\/2024\/02\/JRP_4559-scaled.jpg\" alt=\"\"><\/p>\n<\/li>\n<li>\n<p>        <img decoding=\"async\" src=\"\/asociacion\/wp-content\/uploads\/2024\/02\/JRP_1786-scaled.jpg\" alt=\"\"><\/p>\n<\/li>\n<li>\n<p>        <img decoding=\"async\" src=\"\/asociacion\/wp-content\/uploads\/2024\/02\/JRP_4469-scaled.jpg\" alt=\"\"><\/p>\n<\/li>\n<\/ul>\n<hr>\n<div>Comparte este contenido en tus redes sociales<\/div>\n<ul>\n<li><a href=\"#\">social<\/a>\n<\/li>\n<li><a href=\"#\">social<\/a>\n<\/li>\n<li><a href=\"#\">social<\/a>\n<\/li>\n<li><a href=\"#\">social<\/a>\n<\/li>\n<li><a href=\"emailto:\">Email To<\/a>\n<\/li>\n<\/ul>\n<hr>\n<p><!--more--><br \/>\n<!-- {\"type\":\"layout\",\"children\":[{\"type\":\"section\",\"props\":{\"image_position\":\"center-center\",\"image_size\":\"cover\",\"style\":\"primary\",\"title_breakpoint\":\"xl\",\"title_position\":\"top-left\",\"title_rotation\":\"left\",\"vertical_align\":\"middle\",\"width\":\"default\"},\"children\":[{\"type\":\"row\",\"children\":[{\"type\":\"column\",\"props\":{\"image_position\":\"center-center\",\"position_sticky_breakpoint\":\"m\"},\"children\":[{\"type\":\"headline\",\"props\":{\"css\":\".el-element{background-color: #9ebc30;float:left;padding: 5px;}\",\"title_element\":\"h1\"},\"source\":{\"query\":{\"name\":\"pages.singlePage\"},\"props\":{\"content\":{\"filters\":{\"search\":\"\"},\"name\":\"title\"}}}}]}]}],\"source\":{\"query\":{\"name\":\"pages.singlePage\"},\"props\":{\"image\":{\"filters\":{\"search\":\"\"},\"name\":\"featuredImage.url\"}}}},{\"type\":\"section\",\"props\":{\"image_position\":\"center-center\",\"style\":\"default\",\"title_breakpoint\":\"xl\",\"title_position\":\"top-left\",\"title_rotation\":\"left\",\"vertical_align\":\"middle\",\"width\":\"default\"},\"children\":[{\"type\":\"row\",\"children\":[{\"type\":\"column\",\"props\":{\"image_position\":\"center-center\",\"position_sticky_breakpoint\":\"m\"},\"children\":[{\"type\":\"text\",\"props\":{\"column_breakpoint\":\"m\",\"content\":\"\n\n<p>Desde Soy Ecoturista ofrecemos experiencias para conocer, disfrutar, observar, recorrer, interpretar y aprender sobre la naturaleza, la cultura y la poblaci\\u00f3n local de espacios naturales, contribuyendo de forma pr\\u00e1ctica a su conservaci\\u00f3n y desarrollo local. Son vivencias \\u00fanicas y memorables que se realizan en espacios protegidos y sus entornos, y que son ofrecidas por empresas locales comprometidas con la sostenibilidad.<\\\/p>\\n\n\n<p><\\\/p>\\n\n\n<h4>\\u00a1Entra y elige tu experiencia! <\\\/h4>\",\"margin\":\"default\"},\"source\":{\"query\":{\"name\":\"pages.singlePage\"}}},{\"type\":\"button\",\"props\":{\"button_size\":\"large\",\"grid_column_gap\":\"small\",\"grid_row_gap\":\"small\",\"margin\":\"default\"},\"children\":[{\"type\":\"button_item\",\"props\":{\"button_style\":\"default\",\"content\":\"Experiencias de aut\\u00e9ntico ecoturismo\",\"icon_align\":\"left\",\"link\":\"https:\\\/\\\/soyecoturista.com\\\/es\\\/actividades-ecoturismo\"}}]},{\"type\":\"text\",\"props\":{\"column_breakpoint\":\"m\",\"content\":\"\n\n<p>Encontrar\\u00e1s una gran variedad de experiencias de ecoturismo para todos los p\\u00fablicos y para todos los gustos:<\\\/p>\\n\n\n<ul>\\n\n\n<li>Observaci\\u00f3n de flora y fauna.<\\\/li>\\n\n\n<li>Observaci\\u00f3n de estrellas.<\\\/li>\\n\n\n<li>Geoturismo.<\\\/li>\\n\n\n<li>Observaci\\u00f3n de aves.<\\\/li>\\n\n\n<li>Fotograf\\u00eda de naturaleza.<\\\/li>\\n\n\n<li>Visitas guiadas y actividades tur\\u00edsticas para descubrir el patrimonio natural y cultural del espacio protegido y de su entorno (con un componente importante de interpretaci\\u00f3n).<\\\/li>\\n\n\n<li>Actividades de senderismo, rutas en bicicleta, canoa, barco, 4x4, globo, etc. para recorrer y explorar los espacios protegidos (siempre respetando la regulaci\\u00f3n ambiental, minimizando impactos y con un componente importante de interpretaci\\u00f3n del patrimonio).<\\\/li>\\n\n\n<li>Experiencias de ecoturismo cultural ligadas al espacio protegido.<\\\/li>\\n\n\n<li>Visitas guiadas para disfrutar y descubrir productos locales y\\\/o artesanales, gastronom\\u00eda local en restaurantes, explotaciones agroalimentarias, bodegas, tiendas especializadas, etc., siempre conectadas con el espacio protegido y la naturaleza que les rodea.<\\\/li>\\n\n\n<li>Actividades, cursos y talleres de educaci\\u00f3n ambiental sobre los valores naturales y culturales del territorio.<\\\/li>\\n\n\n<li>Ecoturismo y bienestar: estancias en fincas para relajarse, coaching en la naturaleza, ba\\u00f1os de bosque, etc.<\\\/li>\\n\n\n<li>Ecoturismo cient\\u00edfico: viajes de investigadores, programas de estudiantes universitarios, viajes para conocer proyectos de investigaci\\u00f3n y conservaci\\u00f3n, etc.<\\\/li>\\n\n\n<li>Ecoturismo solidario: jornadas de responsabilidad social para empresas, viajes y campos de voluntariado, etc.<\\\/li>\\n\n\n<li>Estancias en alojamientos comprometidos con la conservaci\\u00f3n y el desarrollo local, que ofrece productos locales, informa del espacio protegido y c\\u00f3mo recorrerlo y descubrirlo de forma respetuosa, y mantiene una conexi\\u00f3n positiva con su entorno natural y social.<\\\/li>\\n<\\\/ul>\",\"margin\":\"default\"}},{\"type\":\"gallery\",\"props\":{\"filter_align\":\"left\",\"filter_all\":true,\"filter_grid_breakpoint\":\"m\",\"filter_grid_width\":\"auto\",\"filter_position\":\"top\",\"filter_style\":\"tab\",\"grid_default\":\"1\",\"grid_medium\":\"3\",\"item_animation\":true,\"link_style\":\"default\",\"link_text\":\"Read more\",\"margin\":\"default\",\"meta_align\":\"below-title\",\"meta_element\":\"div\",\"meta_style\":\"text-meta\",\"overlay_hover\":true,\"overlay_mode\":\"cover\",\"overlay_position\":\"center\",\"overlay_style\":\"overlay-primary\",\"overlay_transition\":\"fade\",\"show_content\":true,\"show_hover_image\":true,\"show_link\":true,\"show_meta\":true,\"show_title\":true,\"text_align\":\"center\",\"text_color\":\"light\",\"title_element\":\"h3\",\"title_hover_style\":\"reset\"},\"children\":[{\"type\":\"gallery_item\",\"props\":{\"image\":\"wp-content\\\/uploads\\\/2024\\\/02\\\/JRP_2116-3-scaled.jpg\",\"title\":\"\"}},{\"type\":\"gallery_item\",\"props\":{\"image\":\"wp-content\\\/uploads\\\/2024\\\/02\\\/JRP_1650-scaled.jpg\",\"title\":\"\"}},{\"type\":\"gallery_item\",\"props\":{\"image\":\"wp-content\\\/uploads\\\/2024\\\/02\\\/JRP_1256-scaled.jpg\",\"title\":\"\"}},{\"type\":\"gallery_item\",\"props\":{\"image\":\"wp-content\\\/uploads\\\/2024\\\/02\\\/JRP_4559-scaled.jpg\",\"title\":\"\"}},{\"type\":\"gallery_item\",\"props\":{\"image\":\"wp-content\\\/uploads\\\/2024\\\/02\\\/JRP_1786-scaled.jpg\",\"title\":\"\"}},{\"type\":\"gallery_item\",\"props\":{\"image\":\"wp-content\\\/uploads\\\/2024\\\/02\\\/JRP_4469-scaled.jpg\",\"title\":\"\"}}]},{\"type\":\"divider\",\"props\":{\"divider_element\":\"hr\"}},{\"type\":\"text\",\"props\":{\"column_breakpoint\":\"m\",\"content\":\"Comparte este contenido en tus redes sociales\",\"margin\":\"default\",\"text_align\":\"center\",\"text_style\":\"small\"}},{\"type\":\"yooessentials_social_sharing\",\"props\":{\"gap\":\"small\",\"link_style\":\"button\",\"margin\":\"default\",\"text_align\":\"center\"},\"children\":[{\"type\":\"yooessentials_social_sharing_item\",\"props\":{\"link\":\"facebook\",\"link_target\":\"_blank\",\"link_target_height\":\"\",\"link_target_width\":\"\"}},{\"type\":\"yooessentials_social_sharing_item\",\"props\":{\"link\":\"twitter\",\"link_target\":\"_blank\",\"link_target_height\":\"\",\"link_target_width\":\"\"}},{\"type\":\"yooessentials_social_sharing_item\",\"props\":{\"link\":\"linkedin\",\"link_target\":\"_blank\",\"link_target_height\":\"\",\"link_target_width\":\"\"}},{\"type\":\"yooessentials_social_sharing_item\",\"props\":{\"link\":\"whatsapp\",\"link_target\":\"_blank\",\"link_target_height\":\"\",\"link_target_width\":\"\"}},{\"type\":\"yooessentials_social_sharing_mailto\",\"props\":{\"icon\":\"mail\",\"target\":\"_self\",\"title\":\"\"}}]},{\"type\":\"divider\",\"props\":{\"divider_element\":\"hr\"}}]}]}]}],\"version\":\"4.0.13\",\"yooessentialsVersion\":\"2.0.17\"} --><\/p>\n","protected":false},"excerpt":{"rendered":"<p>Desde Soy Ecoturista ofrecemos experiencias para conocer, disfrutar, observar, recorrer, interpretar y aprender sobre la naturaleza, la cultura y la poblaci\u00f3n local de espacios naturales, contribuyendo de forma pr\u00e1ctica a [&hellip;]<\/p>\n","protected":false},"author":2,"featured_media":43531,"parent":0,"menu_order":0,"comment_status":"closed","ping_status":"closed","template":"","meta":{"_acf_changed":false,"footnotes":""},"class_list":["post-42078","page","type-page","status-publish","has-post-thumbnail","hentry"],"acf":[],"_links":{"self":[{"href":"https:\/\/www.soyecoturista.com\/asociacion\/wp-json\/wp\/v2\/pages\/42078","targetHints":{"allow":["GET"]}}],"collection":[{"href":"https:\/\/www.soyecoturista.com\/asociacion\/wp-json\/wp\/v2\/pages"}],"about":[{"href":"https:\/\/www.soyecoturista.com\/asociacion\/wp-json\/wp\/v2\/types\/page"}],"author":[{"embeddable":true,"href":"https:\/\/www.soyecoturista.com\/asociacion\/wp-json\/wp\/v2\/users\/2"}],"replies":[{"embeddable":true,"href":"https:\/\/www.soyecoturista.com\/asociacion\/wp-json\/wp\/v2\/comments?post=42078"}],"version-history":[{"count":21,"href":"https:\/\/www.soyecoturista.com\/asociacion\/wp-json\/wp\/v2\/pages\/42078\/revisions"}],"predecessor-version":[{"id":43561,"href":"https:\/\/www.soyecoturista.com\/asociacion\/wp-json\/wp\/v2\/pages\/42078\/revisions\/43561"}],"wp:featuredmedia":[{"embeddable":true,"href":"https:\/\/www.soyecoturista.com\/asociacion\/wp-json\/wp\/v2\/media\/43531"}],"wp:attachment":[{"href":"https:\/\/www.soyecoturista.com\/asociacion\/wp-json\/wp\/v2\/media?parent=42078"}],"curies":[{"name":"wp","href":"https:\/\/api.w.org\/{rel}","templated":true}]}}