{"id":41856,"date":"2023-10-25T16:55:16","date_gmt":"2023-10-25T14:55:16","guid":{"rendered":"https:\/\/www.soyecoturismo.com\/asociacion\/?page_id=41856"},"modified":"2025-11-14T12:07:52","modified_gmt":"2025-11-14T11:07:52","slug":"intranet","status":"publish","type":"page","link":"https:\/\/www.soyecoturista.com\/asociacion\/intranet\/","title":{"rendered":"Intranet"},"content":{"rendered":"<h1><span>\n<div class=\"um um-login um-41852\">\n\t<div class=\"um-form\">\n\t\t<form method=\"post\" action=\"\" autocomplete=\"off\">\n\t\t\t<div class=\"um-row _um_row_1 \" style=\"margin: 0 0 30px 0;\"><div class=\"um-col-1\"><div  id=\"um_field_41852_username\" class=\"um-field um-field-text  um-field-username um-field-text um-field-type_text\" data-key=\"username\"><div class=\"um-field-label\"><label for=\"username-41852\">Usuario o email<\/label><div class=\"um-clear\"><\/div><\/div><div class=\"um-field-area\"><input  autocomplete=\"off\" class=\"um-form-field valid \" type=\"text\" name=\"username-41852\" id=\"username-41852\" value=\"\" placeholder=\"\" data-validate=\"unique_username_or_email\" data-key=\"username\"  aria-invalid=\"false\" \/>\n\n\t\t\t\t\t\t<\/div><\/div><div  id=\"um_field_41852_user_password\" class=\"um-field um-field-password  um-field-user_password um-field-password um-field-type_password\" data-key=\"user_password\"><div class=\"um-field-label\"><label for=\"user_password-41852\">Contrase\u00f1a<\/label><div class=\"um-clear\"><\/div><\/div><div class=\"um-field-area\"><input class=\"um-form-field valid \" type=\"password\" name=\"user_password-41852\" id=\"user_password-41852\" value=\"\" placeholder=\"\" data-validate=\"\" data-key=\"user_password\"  aria-invalid=\"false\" \/>\n\n\t\t\t\t\t\t\t<\/div><\/div><\/div><\/div>\t\t<input type=\"hidden\" name=\"form_id\" id=\"form_id_41852\" value=\"41852\" \/>\n\t\n\t<p class=\"um_request_name\">\n\t\t<label for=\"um_request_41852\">Only fill in if you are not human<\/label>\n\t\t<input type=\"hidden\" name=\"um_request\" id=\"um_request_41852\" class=\"input\" value=\"\" size=\"25\" autocomplete=\"off\" \/>\n\t<\/p>\n\n\t<input type=\"hidden\" name=\"redirect_to\" id=\"redirect_to\" value=\"\/asociacion\/intranet\/\" \/><input type=\"hidden\" id=\"_wpnonce\" name=\"_wpnonce\" value=\"0fb1146e72\" \/><input type=\"hidden\" name=\"_wp_http_referer\" value=\"\/asociacion\/wp-json\/wp\/v2\/pages\/41856\" \/>\n<div class=\"g-recaptcha\" id=\"um-41852\" data-mode=\"login\"><\/div>\n\n\n\t<div class=\"um-col-alt\">\n\n\t\t\n\t\t\t<div class=\"um-center\">\n\t\t\t\t<input type=\"submit\" value=\"Acceder\" class=\"um-button\" id=\"um-submit-btn\" \/>\n\t\t\t<\/div>\n\n\t\t\n\t\t<div class=\"um-clear\"><\/div>\n\n\t<\/div>\n\n\t\n\t<div class=\"um-col-alt-b\">\n\t\t<a href=\"https:\/\/www.soyecoturista.com\/asociacion\/resetear-contrasena\/\" class=\"um-link-alt\">\n\t\t\t\u00bfHas olvidado tu contrase\u00f1a?\t\t<\/a>\n\t<\/div>\n\n\t\t\t<\/form>\n\t<\/div>\n<\/div>\n<style>\n\t\t\t.um-41852.um {\n\t\t\tmax-width: 450px;\n\t\t}\n\t\t<\/style>\n<\/span><\/h1>\n<h1>Intranet<\/h1>\n<div>\n<p>Este es un espacio exclusivo para nuestros socios, pensado para compartir contenido especial y recursos \u00fatiles que apoyen sus actividades ecotur\u00edsticas. Aqu\u00ed encontrar\u00e1s informaci\u00f3n actualizada, herramientas de promoci\u00f3n, materiales de formaci\u00f3n, y otros recursos dise\u00f1ados para ayudarte a maximizar el valor de pertenecer al nuestra comunidad.<\/p>\n<p>Explora las secciones disponibles y mantente al tanto de todas las novedades.<\/p>\n<p style=\"text-align: center;\"><strong>\u00a1Gracias por ser parte de la comunidad SoyEcoturista y contribuir a un turismo m\u00e1s sostenible y responsable!<\/strong><\/p>\n<\/p>\n<h4 id=\"um_private_content\"><\/h4>\n<\/div>\n<p><!--more--><br \/>\n<!-- {\"type\":\"layout\",\"children\":[{\"type\":\"section\",\"props\":{\"image_position\":\"center-center\",\"padding_remove_bottom\":true,\"padding_remove_top\":true,\"style\":\"default\",\"title_breakpoint\":\"xl\",\"title_position\":\"top-left\",\"title_rotation\":\"left\",\"vertical_align\":\"middle\",\"width\":\"\"},\"children\":[{\"type\":\"row\",\"props\":{\"layout\":\"1-5,4-5\"},\"children\":[{\"type\":\"column\",\"props\":{\"image_position\":\"center-center\",\"position_sticky_breakpoint\":\"m\",\"style\":\"card-primary\",\"width_medium\":\"1-5\"},\"children\":[{\"type\":\"headline\",\"props\":{\"content\":\"<span>[ultimatemember form_id=\\\"41852\\\"]<\\\/span>\",\"title_element\":\"h1\"}},{\"type\":\"module\",\"props\":{\"css\":\".uk-nav-header{text-transform: none; color: rgba(255, 255, 255, .7); font-size: 16px;\\n    line-height: 1.5;\\n    font-family: Poppins;\\n    font-weight: 400; letter-spacing: 0px;}\",\"menu_divider\":true,\"menu_image_align\":\"center\",\"menu_image_margin\":true,\"menu_style\":\"default\",\"menu_type\":\"nav\",\"type\":\"nav_menu\",\"widget\":\"nav_menu-3\"}}]},{\"type\":\"column\",\"props\":{\"image_position\":\"center-center\",\"position_sticky_breakpoint\":\"m\",\"style\":\"tile-default\",\"width_medium\":\"4-5\"},\"children\":[{\"type\":\"headline\",\"props\":{\"content\":\"Intranet\",\"title_element\":\"h1\"}},{\"type\":\"text\",\"props\":{\"column_breakpoint\":\"m\",\"content\":\"\n\n<p>Este es un espacio exclusivo para nuestros socios, pensado para compartir contenido especial y recursos \\u00fatiles que apoyen sus actividades ecotur\\u00edsticas. Aqu\\u00ed encontrar\\u00e1s informaci\\u00f3n actualizada, herramientas de promoci\\u00f3n, materiales de formaci\\u00f3n, y otros recursos dise\\u00f1ados para ayudarte a maximizar el valor de pertenecer al nuestra comunidad.<\\\/p>\\n\n\n<p>Explora las secciones disponibles y mantente al tanto de todas las novedades.<\\\/p>\\n\n\n<p style=\\\"text-align: center;\\\"><strong>\\u00a1Gracias por ser parte de la comunidad SoyEcoturista y contribuir a un turismo m\\u00e1s sostenible y responsable!<\\\/strong><\\\/p>\\n\n\n<p><\\\/p>\\n\n\n<h4 id=\\\"um_private_content\\\">[um_private_content]<\\\/h4>\",\"margin\":\"default\"}}]}]}]}],\"version\":\"4.0.13\",\"yooessentialsVersion\":\"2.0.17\"} --><\/p>\n","protected":false},"excerpt":{"rendered":"<p>Intranet Este es un espacio exclusivo para nuestros socios, pensado para compartir contenido especial y recursos \u00fatiles que apoyen sus actividades ecotur\u00edsticas. Aqu\u00ed encontrar\u00e1s informaci\u00f3n actualizada, herramientas de promoci\u00f3n, materiales [&hellip;]<\/p>\n","protected":false},"author":2,"featured_media":0,"parent":0,"menu_order":0,"comment_status":"closed","ping_status":"closed","template":"","meta":{"_acf_changed":false,"footnotes":""},"class_list":["post-41856","page","type-page","status-publish","hentry"],"acf":[],"_links":{"self":[{"href":"https:\/\/www.soyecoturista.com\/asociacion\/wp-json\/wp\/v2\/pages\/41856","targetHints":{"allow":["GET"]}}],"collection":[{"href":"https:\/\/www.soyecoturista.com\/asociacion\/wp-json\/wp\/v2\/pages"}],"about":[{"href":"https:\/\/www.soyecoturista.com\/asociacion\/wp-json\/wp\/v2\/types\/page"}],"author":[{"embeddable":true,"href":"https:\/\/www.soyecoturista.com\/asociacion\/wp-json\/wp\/v2\/users\/2"}],"replies":[{"embeddable":true,"href":"https:\/\/www.soyecoturista.com\/asociacion\/wp-json\/wp\/v2\/comments?post=41856"}],"version-history":[{"count":20,"href":"https:\/\/www.soyecoturista.com\/asociacion\/wp-json\/wp\/v2\/pages\/41856\/revisions"}],"predecessor-version":[{"id":49014,"href":"https:\/\/www.soyecoturista.com\/asociacion\/wp-json\/wp\/v2\/pages\/41856\/revisions\/49014"}],"wp:attachment":[{"href":"https:\/\/www.soyecoturista.com\/asociacion\/wp-json\/wp\/v2\/media?parent=41856"}],"curies":[{"name":"wp","href":"https:\/\/api.w.org\/{rel}","templated":true}]}}